{"id":188,"date":"2014-10-07T11:28:26","date_gmt":"2014-10-07T09:28:26","guid":{"rendered":"http:\/\/csm.home.pl\/www\/test\/?page_id=188"},"modified":"2014-10-07T11:28:26","modified_gmt":"2014-10-07T09:28:26","slug":"okiem-marszanda","status":"publish","type":"page","link":"https:\/\/halina.bossboss.pl\/?page_id=188","title":{"rendered":"Okiem Marszanda"},"content":{"rendered":"<p><em>Napisano o niej we Francji, \u017ce ka\u017cd\u0105 sw\u0105 kompozycj\u0119 organizuje wok\u00f3\u0142 jednego wyrazistego punktu, a p\u00f3\u017aniej zbli\u017ca si\u0119 do niego w jednym dynamicznym ruchu ja tylko oko kamery potrafi, reszt\u0119 pozostawiaj\u0105c zaledwie w zarysie \u2013 mglist\u0105, szkicow\u0105, impresjonistyczn\u0105. Pisano o do\u015b\u0107 paradoksalnych \u201eabstrakcyjnych kompozycjach, w kt\u00f3rych dominuje natura\u201d.<\/em><\/p>\n<p><em>Halina Kwieci\u0144ska-Bonikowska od razu wypracowa\u0142a niepowtarzalny styl, nazwany przez krytyk\u0119 zoomizmem, ale jej p\u00f3\u017aniejsze prace: pejza\u017ce, kompozycje kwiatowe czy te\u017c uk\u0142ady abstrakcyjne skupione s\u0105 nad czym\u015b innym, na tym, co niesamowite i religijne zarazem. Energia p\u0142yn\u0105ca\u00a0 natury zatrzymana zostaje w rozedrganiu mikro-zdarze\u0144, form i kolor\u00f3w, znajduje wyraz zawsze w precyzyjnym, czystym ekwiwalencie, ale i w narracyjnej serii pseudonim\u00f3w.<\/em><\/p>\n<p><em>Nieustaj\u0105ce poszukiwania formalne: coraz to inna intensywno\u015b\u0107 przeplatania si\u0119 barwy i \u015bwiat\u0142a, deformacji i konstrukcji, gdzie geometryczne oswajanie przestrzeni zyskuje kontrapunkt w postaci onirycznego zapisu czy linii wolnych asocjacji sprawiaj\u0105, \u017ce do\u015b\u0107 niespodziewanie pojawia si\u0119 w tym malarstwie opowie\u015b\u0107, a w\u00f3wczas dochodz\u0105 do g\u0142osu rozmaite sploty kulturowego imaginarium.<\/em><\/p>\n<p><em>Opowie\u015b\u0107 to niesamowita, albowiem to, co ukryte przed spojrzeniem innych, wyparte, skazane na milczenie, nagle wystawione zostaje na widok w zadziwiaj\u0105cych zestawieniach, w sieci niezwyk\u0142ych relacji. Tak chaos rozproszonych, idiomatycznych j\u0119zyk\u00f3w nowoczesno\u015bci odnajduje zapoznany porz\u0105dek symboliczny, a wymiar horyzontalny egzystencji, a wi\u0119c to, co empiryczne i racjonalne, zwie\u0144czony zostaje w finale wymiarem wertykalnym esencji, czyli w\u0142a\u015bnie tym, co niewidoczne, nieokre\u015blone. Tym, co przychodzi sk\u0105din\u0105d (sk\u0105d?), s\u0142owem, nie wiadomo czym\u2026.<\/em><br \/>\n<em> Pawe\u0142 Ros\u00f3\u0142, marszand, Galeria \u201eMito\u201d<\/em><\/p>\n","protected":false},"excerpt":{"rendered":"<p>Napisano o niej we Francji, \u017ce ka\u017cd\u0105 sw\u0105 kompozycj\u0119 organizuje wok\u00f3\u0142 jednego wyrazistego punktu, a p\u00f3\u017aniej zbli\u017ca si\u0119 do niego w jednym dynamicznym ruchu ja tylko oko kamery potrafi, reszt\u0119 pozostawiaj\u0105c zaledwie w zarysie \u2013 mglist\u0105, szkicow\u0105, impresjonistyczn\u0105. Pisano o do\u015b\u0107 paradoksalnych \u201eabstrakcyjnych kompozycjach, w kt\u00f3rych dominuje natura\u201d. Halina Kwieci\u0144ska-Bonikowska od razu wypracowa\u0142a niepowtarzalny styl, [&hellip;]<\/p>\n","protected":false},"author":1,"featured_media":0,"parent":0,"menu_order":0,"comment_status":"open","ping_status":"open","template":"","meta":[],"_links":{"self":[{"href":"https:\/\/halina.bossboss.pl\/index.php?rest_route=\/wp\/v2\/pages\/188"}],"collection":[{"href":"https:\/\/halina.bossboss.pl\/index.php?rest_route=\/wp\/v2\/pages"}],"about":[{"href":"https:\/\/halina.bossboss.pl\/index.php?rest_route=\/wp\/v2\/types\/page"}],"author":[{"embeddable":true,"href":"https:\/\/halina.bossboss.pl\/index.php?rest_route=\/wp\/v2\/users\/1"}],"replies":[{"embeddable":true,"href":"https:\/\/halina.bossboss.pl\/index.php?rest_route=%2Fwp%2Fv2%2Fcomments&post=188"}],"version-history":[{"count":1,"href":"https:\/\/halina.bossboss.pl\/index.php?rest_route=\/wp\/v2\/pages\/188\/revisions"}],"predecessor-version":[{"id":189,"href":"https:\/\/halina.bossboss.pl\/index.php?rest_route=\/wp\/v2\/pages\/188\/revisions\/189"}],"wp:attachment":[{"href":"https:\/\/halina.bossboss.pl\/index.php?rest_route=%2Fwp%2Fv2%2Fmedia&parent=188"}],"curies":[{"name":"wp","href":"https:\/\/api.w.org\/{rel}","templated":true}]}}