{"id":78,"date":"2014-09-08T14:15:00","date_gmt":"2014-09-08T12:15:00","guid":{"rendered":"http:\/\/wherearewenow.csm.org.pl\/?page_id=78"},"modified":"2014-10-23T16:08:18","modified_gmt":"2014-10-23T14:08:18","slug":"autor-projektu","status":"publish","type":"page","link":"https:\/\/halina.bossboss.pl\/?page_id=78","title":{"rendered":"Halina Kwieci\u0144ska-Bonikowska"},"content":{"rendered":"<p><a href=\"http:\/\/csm.home.pl\/www\/test\/wp-content\/uploads\/2014\/09\/fota-na-glowna\u0328.jpg\"><img loading=\"lazy\" class=\"alignleft wp-image-180 \" src=\"http:\/\/csm.home.pl\/www\/test\/wp-content\/uploads\/2014\/09\/fota-na-glowna\u0328-300x225.jpg\" alt=\"OLYMPUS DIGITAL CAMERA\" width=\"256\" height=\"195\" \/><\/a>Uko\u0144czy\u0142am Akademi\u0119 Sztuk Pi\u0119knych w \u0141odzi w 1966 roku, uzyskuj\u0105c dyplom z kierunku \u201eDruk\u201d w pracowni prof. Teresy Tyszkiewicz i prof. Zdzis\u0142awa G\u0142owackiego. Po studiach pracowa\u0142am jako scenograf w polskim przemy\u015ble filmowym (m. in. przy filmie &#8222;Faraon&#8221;) i jako grafik reklamowy. Od trzydziestu lat uprawiam wy\u0142\u0105cznie malarstwo. W mojej tw\u00f3rczo\u015bci mo\u017cna wyr\u00f3\u017cni\u0107 trzy etapy:<\/p>\n<p>&nbsp;<\/p>\n<p>&nbsp;<\/p>\n<p>&nbsp;<\/p>\n<p>&nbsp;<\/p>\n<p><strong>Zoomizm<\/strong><br \/>\nObrazy z tego okresu skupiaj\u0105 ostro\u015b\u0107 na jednym punkcie pozostawiaj\u0105c inne w impresjonistycznym zamgleniu. Dzi\u0119ki temu osi\u0105gn\u0119\u0142am niepowtarzaln\u0105, jedyn\u0105 w swoim rodzaju gr\u0119 \u015bwiat\u0142a i barw przypominaj\u0105c\u0105 efekt zastosowania zoomu w aparacie fotograficznym. Francuscy krytycy sztuki nazwali ten nowy styl &#8222;zoomizmem&#8221;.<\/p>\n<p><strong>Abstrakcja\u2028<\/strong><br \/>\nOkres ten r\u00f3\u017cni si\u0119 od zoomizmu przede wszystkim szerszym i \u015bmielszym u\u017cyciem kontrastu koloru i formy. Obrazy s\u0105 bardziej graficzne, techniczne, buduj\u0105ce ci\u0105gi skojarze\u0144.\u00a0 Stosuj\u0119 rozmaite formy malarskie, od lekkiej deformacji do pe\u0142nej abstrakcji.<\/p>\n<p><strong>Cykle tematyczne\u2028<\/strong><br \/>\nPos\u0142uguj\u0105c si\u0119 do\u015bwiadczeniem z poprzednich okres\u00f3w\u00a0 szukam w sztuce uporz\u0105dkowania i wysublimowanych wra\u017ce\u0144 estetycznych, d\u0105\u017c\u0105c do harmonii i doskona\u0142o\u015bci zestawie\u0144. Radykalne kontrasty przeplataj\u0105 si\u0119 z subtelnym przenikaniem barw. Powstaj\u0105 obrazy pe\u0142ne \u015bwiat\u0142a, koloru i przestrzeni.<\/p>\n<p>Moje prace by\u0142y prezentowane\u00a0 na wernisa\u017cach indywidualnych i zbiorowych w kraju i za granic\u0105. Obrazy zdobi\u0105 wn\u0119trza wielu ambasad, firm, bank\u00f3w, kancelarii prawniczych, biur handlowych, przedstawicielstw, instytucji finansowych. Znajduj\u0105 si\u0119 tak\u017ce w kolekcjach prywatnych m. in. w Wielkiej Brytanii, W\u0142oszech, Niemczech, Francji, Szwajcarii, USA, Kanadzie, Japonii, Austrii, Grecji, Kolumbii.<\/p>\n","protected":false},"excerpt":{"rendered":"<p>Uko\u0144czy\u0142am Akademi\u0119 Sztuk Pi\u0119knych w \u0141odzi w 1966 roku, uzyskuj\u0105c dyplom z kierunku \u201eDruk\u201d w pracowni prof. Teresy Tyszkiewicz i prof. Zdzis\u0142awa G\u0142owackiego. Po studiach pracowa\u0142am jako scenograf w polskim przemy\u015ble filmowym (m. in. przy filmie &#8222;Faraon&#8221;) i jako grafik reklamowy. Od trzydziestu lat uprawiam wy\u0142\u0105cznie malarstwo. W mojej tw\u00f3rczo\u015bci mo\u017cna wyr\u00f3\u017cni\u0107 trzy etapy: &nbsp; [&hellip;]<\/p>\n","protected":false},"author":1,"featured_media":0,"parent":0,"menu_order":0,"comment_status":"open","ping_status":"open","template":"","meta":[],"_links":{"self":[{"href":"https:\/\/halina.bossboss.pl\/index.php?rest_route=\/wp\/v2\/pages\/78"}],"collection":[{"href":"https:\/\/halina.bossboss.pl\/index.php?rest_route=\/wp\/v2\/pages"}],"about":[{"href":"https:\/\/halina.bossboss.pl\/index.php?rest_route=\/wp\/v2\/types\/page"}],"author":[{"embeddable":true,"href":"https:\/\/halina.bossboss.pl\/index.php?rest_route=\/wp\/v2\/users\/1"}],"replies":[{"embeddable":true,"href":"https:\/\/halina.bossboss.pl\/index.php?rest_route=%2Fwp%2Fv2%2Fcomments&post=78"}],"version-history":[{"count":13,"href":"https:\/\/halina.bossboss.pl\/index.php?rest_route=\/wp\/v2\/pages\/78\/revisions"}],"predecessor-version":[{"id":208,"href":"https:\/\/halina.bossboss.pl\/index.php?rest_route=\/wp\/v2\/pages\/78\/revisions\/208"}],"wp:attachment":[{"href":"https:\/\/halina.bossboss.pl\/index.php?rest_route=%2Fwp%2Fv2%2Fmedia&parent=78"}],"curies":[{"name":"wp","href":"https:\/\/api.w.org\/{rel}","templated":true}]}}